{"id":192,"date":"2022-10-30T15:14:16","date_gmt":"2022-10-30T14:14:16","guid":{"rendered":"https:\/\/ranch-kriens.ch\/?page_id=192"},"modified":"2026-04-21T15:21:52","modified_gmt":"2026-04-21T13:21:52","slug":"kontakt","status":"publish","type":"page","link":"https:\/\/ranch-kriens.ch\/?page_id=192","title":{"rendered":"Kontakt"},"content":{"rendered":"\t\t<div data-elementor-type=\"wp-page\" data-elementor-id=\"192\" class=\"elementor elementor-192\">\n\t\t\t\t\t\t<section class=\"elementor-section elementor-top-section elementor-element elementor-element-8dc0324 elementor-section-boxed elementor-section-height-default elementor-section-height-default\" data-id=\"8dc0324\" data-element_type=\"section\" data-e-type=\"section\">\n\t\t\t\t\t\t<div class=\"elementor-container elementor-column-gap-narrow\">\n\t\t\t\t\t<div class=\"elementor-column elementor-col-33 elementor-top-column elementor-element elementor-element-8ea6ab2\" data-id=\"8ea6ab2\" data-element_type=\"column\" data-e-type=\"column\">\n\t\t\t<div class=\"elementor-widget-wrap elementor-element-populated\">\n\t\t\t\t\t\t<div class=\"elementor-element elementor-element-6a93d62 elementor-widget elementor-widget-image\" data-id=\"6a93d62\" data-element_type=\"widget\" data-e-type=\"widget\" data-widget_type=\"image.default\">\n\t\t\t\t<div class=\"elementor-widget-container\">\n\t\t\t\t\t\t\t\t\t\t\t\t\t\t\t<img fetchpriority=\"high\" decoding=\"async\" width=\"1000\" height=\"1000\" src=\"https:\/\/ranch-kriens.ch\/wp-content\/uploads\/2022\/10\/ranch_Servicepersonal532169813_1000.jpg\" class=\"attachment-full size-full wp-image-199\" alt=\"\" srcset=\"https:\/\/ranch-kriens.ch\/wp-content\/uploads\/2022\/10\/ranch_Servicepersonal532169813_1000.jpg 1000w, https:\/\/ranch-kriens.ch\/wp-content\/uploads\/2022\/10\/ranch_Servicepersonal532169813_1000-300x300.jpg 300w, https:\/\/ranch-kriens.ch\/wp-content\/uploads\/2022\/10\/ranch_Servicepersonal532169813_1000-150x150.jpg 150w, https:\/\/ranch-kriens.ch\/wp-content\/uploads\/2022\/10\/ranch_Servicepersonal532169813_1000-768x768.jpg 768w\" sizes=\"(max-width: 1000px) 100vw, 1000px\" \/>\t\t\t\t\t\t\t\t\t\t\t\t\t\t\t<\/div>\n\t\t\t\t<\/div>\n\t\t\t\t\t<\/div>\n\t\t<\/div>\n\t\t\t\t<div class=\"elementor-column elementor-col-33 elementor-top-column elementor-element elementor-element-e269bf8\" data-id=\"e269bf8\" data-element_type=\"column\" data-e-type=\"column\">\n\t\t\t<div class=\"elementor-widget-wrap elementor-element-populated\">\n\t\t\t\t\t\t<div class=\"elementor-element elementor-element-05031e2 elementor-widget elementor-widget-image\" data-id=\"05031e2\" data-element_type=\"widget\" data-e-type=\"widget\" data-widget_type=\"image.default\">\n\t\t\t\t<div class=\"elementor-widget-container\">\n\t\t\t\t\t\t\t\t\t\t\t\t\t\t\t<img decoding=\"async\" width=\"800\" height=\"800\" src=\"https:\/\/ranch-kriens.ch\/wp-content\/uploads\/2022\/10\/ranch_DSC6068_1000.jpg\" class=\"attachment-large size-large wp-image-197\" alt=\"\" srcset=\"https:\/\/ranch-kriens.ch\/wp-content\/uploads\/2022\/10\/ranch_DSC6068_1000.jpg 1000w, https:\/\/ranch-kriens.ch\/wp-content\/uploads\/2022\/10\/ranch_DSC6068_1000-300x300.jpg 300w, https:\/\/ranch-kriens.ch\/wp-content\/uploads\/2022\/10\/ranch_DSC6068_1000-150x150.jpg 150w, https:\/\/ranch-kriens.ch\/wp-content\/uploads\/2022\/10\/ranch_DSC6068_1000-768x768.jpg 768w\" sizes=\"(max-width: 800px) 100vw, 800px\" \/>\t\t\t\t\t\t\t\t\t\t\t\t\t\t\t<\/div>\n\t\t\t\t<\/div>\n\t\t\t\t\t<\/div>\n\t\t<\/div>\n\t\t\t\t<div class=\"elementor-column elementor-col-33 elementor-top-column elementor-element elementor-element-b398671\" data-id=\"b398671\" data-element_type=\"column\" data-e-type=\"column\">\n\t\t\t<div class=\"elementor-widget-wrap elementor-element-populated\">\n\t\t\t\t\t\t<div class=\"elementor-element elementor-element-4a62c20 elementor-widget elementor-widget-image\" data-id=\"4a62c20\" data-element_type=\"widget\" data-e-type=\"widget\" data-widget_type=\"image.default\">\n\t\t\t\t<div class=\"elementor-widget-container\">\n\t\t\t\t\t\t\t\t\t\t\t\t\t\t\t<img decoding=\"async\" width=\"800\" height=\"800\" src=\"https:\/\/ranch-kriens.ch\/wp-content\/uploads\/2022\/10\/ranch_Menschen583707934_1000.jpg\" class=\"attachment-large size-large wp-image-198\" alt=\"\" srcset=\"https:\/\/ranch-kriens.ch\/wp-content\/uploads\/2022\/10\/ranch_Menschen583707934_1000.jpg 1000w, https:\/\/ranch-kriens.ch\/wp-content\/uploads\/2022\/10\/ranch_Menschen583707934_1000-300x300.jpg 300w, https:\/\/ranch-kriens.ch\/wp-content\/uploads\/2022\/10\/ranch_Menschen583707934_1000-150x150.jpg 150w, https:\/\/ranch-kriens.ch\/wp-content\/uploads\/2022\/10\/ranch_Menschen583707934_1000-768x768.jpg 768w\" sizes=\"(max-width: 800px) 100vw, 800px\" \/>\t\t\t\t\t\t\t\t\t\t\t\t\t\t\t<\/div>\n\t\t\t\t<\/div>\n\t\t\t\t\t<\/div>\n\t\t<\/div>\n\t\t\t\t\t<\/div>\n\t\t<\/section>\n\t\t\t\t<section class=\"elementor-section elementor-top-section elementor-element elementor-element-63c12b1 elementor-section-full_width linie elementor-section-height-default elementor-section-height-default\" data-id=\"63c12b1\" data-element_type=\"section\" data-e-type=\"section\">\n\t\t\t\t\t\t<div class=\"elementor-container elementor-column-gap-no\">\n\t\t\t\t\t<div class=\"elementor-column elementor-col-100 elementor-top-column elementor-element elementor-element-695620b\" data-id=\"695620b\" data-element_type=\"column\" data-e-type=\"column\">\n\t\t\t<div class=\"elementor-widget-wrap elementor-element-populated\">\n\t\t\t\t\t\t<div class=\"elementor-element elementor-element-470831a linie elementor-widget-divider--view-line elementor-widget elementor-widget-divider\" data-id=\"470831a\" data-element_type=\"widget\" data-e-type=\"widget\" data-widget_type=\"divider.default\">\n\t\t\t\t<div class=\"elementor-widget-container\">\n\t\t\t\t\t\t\t<div class=\"elementor-divider\">\n\t\t\t<span class=\"elementor-divider-separator\">\n\t\t\t\t\t\t<\/span>\n\t\t<\/div>\n\t\t\t\t\t\t<\/div>\n\t\t\t\t<\/div>\n\t\t\t\t\t<\/div>\n\t\t<\/div>\n\t\t\t\t\t<\/div>\n\t\t<\/section>\n\t\t\t\t<section class=\"elementor-section elementor-top-section elementor-element elementor-element-da34c96 elementor-section-boxed elementor-section-height-default elementor-section-height-default\" data-id=\"da34c96\" data-element_type=\"section\" data-e-type=\"section\">\n\t\t\t\t\t\t<div class=\"elementor-container elementor-column-gap-default\">\n\t\t\t\t\t<div class=\"elementor-column elementor-col-100 elementor-top-column elementor-element elementor-element-6a9371e1\" data-id=\"6a9371e1\" data-element_type=\"column\" data-e-type=\"column\">\n\t\t\t<div class=\"elementor-widget-wrap elementor-element-populated\">\n\t\t\t\t\t\t<div class=\"elementor-element elementor-element-fd53f28 elementor-widget elementor-widget-heading\" data-id=\"fd53f28\" data-element_type=\"widget\" data-e-type=\"widget\" data-widget_type=\"heading.default\">\n\t\t\t\t<div class=\"elementor-widget-container\">\n\t\t\t\t\t<h1 class=\"elementor-heading-title elementor-size-default\">.. um etwas grossartig zu machen, macht man es mit leidenschaft ..<\/h1>\t\t\t\t<\/div>\n\t\t\t\t<\/div>\n\t\t\t\t<div class=\"elementor-element elementor-element-749af041 elementor-widget elementor-widget-text-editor\" data-id=\"749af041\" data-element_type=\"widget\" data-e-type=\"widget\" data-widget_type=\"text-editor.default\">\n\t\t\t\t<div class=\"elementor-widget-container\">\n\t\t\t\t\t\t\t\t\t<p style=\"text-align: center;\"><strong>Wir freuen uns, Sie als Gast begr\u00fcssen zu d\u00fcrfen!<\/strong><\/p>\t\t\t\t\t\t\t\t<\/div>\n\t\t\t\t<\/div>\n\t\t\t\t<section class=\"elementor-section elementor-inner-section elementor-element elementor-element-c2f5afc elementor-section-boxed elementor-section-height-default elementor-section-height-default\" data-id=\"c2f5afc\" data-element_type=\"section\" data-e-type=\"section\">\n\t\t\t\t\t\t<div class=\"elementor-container elementor-column-gap-default\">\n\t\t\t\t\t<div class=\"elementor-column elementor-col-50 elementor-inner-column elementor-element elementor-element-508d7bb\" data-id=\"508d7bb\" data-element_type=\"column\" data-e-type=\"column\">\n\t\t\t<div class=\"elementor-widget-wrap elementor-element-populated\">\n\t\t\t\t\t\t<div class=\"elementor-element elementor-element-f3d3cd6 elementor-widget elementor-widget-text-editor\" data-id=\"f3d3cd6\" data-element_type=\"widget\" data-e-type=\"widget\" data-widget_type=\"text-editor.default\">\n\t\t\t\t<div class=\"elementor-widget-container\">\n\t\t\t\t\t\t\t\t\t<p><strong>Bar Restaurant RANCH<\/strong><\/p><p>Grabenhofstrasse 5<br \/>6010 Kriens<br \/>041 340 32 32<br \/><a href=\"mailto:info@ranch-kriens.ch\">info@ranch-kriens.ch<\/a><\/p>\t\t\t\t\t\t\t\t<\/div>\n\t\t\t\t<\/div>\n\t\t\t\t\t<\/div>\n\t\t<\/div>\n\t\t\t\t<div class=\"elementor-column elementor-col-50 elementor-inner-column elementor-element elementor-element-a34e256\" data-id=\"a34e256\" data-element_type=\"column\" data-e-type=\"column\">\n\t\t\t<div class=\"elementor-widget-wrap elementor-element-populated\">\n\t\t\t\t\t\t<div class=\"elementor-element elementor-element-a67e955 elementor-widget elementor-widget-text-editor\" data-id=\"a67e955\" data-element_type=\"widget\" data-e-type=\"widget\" data-widget_type=\"text-editor.default\">\n\t\t\t\t<div class=\"elementor-widget-container\">\n\t\t\t\t\t\t\t\t\t<p><strong>\u00d6ffnungszeiten:<\/strong><\/p><table class=\"layouttable\"><tbody><tr><td>MO<\/td><td>7:00 &#8211; 22:00<\/td><\/tr><tr><td>DI\u00a0<\/td><td>7:00 &#8211; 23:00<\/td><\/tr><tr><td>MI DO FR<\/td><td>7:00 &#8211; 00:00<\/td><\/tr><tr><td>SA + SO<\/td><td>geschlossen<br \/>(ausser Events)<\/td><\/tr><\/tbody><\/table>\t\t\t\t\t\t\t\t<\/div>\n\t\t\t\t<\/div>\n\t\t\t\t\t<\/div>\n\t\t<\/div>\n\t\t\t\t\t<\/div>\n\t\t<\/section>\n\t\t\t\t<div class=\"elementor-element elementor-element-e2f8a2a elementor-widget elementor-widget-text-editor\" data-id=\"e2f8a2a\" data-element_type=\"widget\" data-e-type=\"widget\" data-widget_type=\"text-editor.default\">\n\t\t\t\t<div class=\"elementor-widget-container\">\n\t\t\t\t\t\t\t\t\t<p data-start=\"39\" data-end=\"69\"><strong data-start=\"39\" data-end=\"69\">Feiertage \u2013 \u00d6ffnungszeiten<\/strong><\/p><p data-start=\"71\" data-end=\"126\">An folgenden Tagen bleibt <strong data-start=\"97\" data-end=\"113\">unsere Ranch<\/strong> geschlossen:<\/p><p><strong data-start=\"207\" data-end=\"245\">Donnerstag, 14. Mai 2026<br \/><\/strong><strong data-start=\"250\" data-end=\"288\">Freitag, 15. Mai 2026 (Br\u00fcckentag)<br \/><\/strong><strong data-start=\"293\" data-end=\"324\">Pfingstmontag, 25. Mai 2026<\/strong><\/p><p data-start=\"326\" data-end=\"358\" data-is-last-node=\"\" data-is-only-node=\"\">Vielen Dank f\u00fcr Ihr Verst\u00e4ndnis..<\/p>\t\t\t\t\t\t\t\t<\/div>\n\t\t\t\t<\/div>\n\t\t\t\t<div class=\"elementor-element elementor-element-b2bcee0 elementor-widget elementor-widget-text-editor\" data-id=\"b2bcee0\" data-element_type=\"widget\" data-e-type=\"widget\" data-widget_type=\"text-editor.default\">\n\t\t\t\t<div class=\"elementor-widget-container\">\n\t\t\t\t\t\t\t\t\t<p style=\"text-align: center;\">Ihre Meinung ist uns wichtig, denn nichts ist so gut, dass es nicht verbessert werden k\u00f6nnte. Senden Sie uns ein Mail an <a href=\"mailto:info@ranch-kriens.ch\">info@ranch-kriens.ch<\/a> und teilen Sie uns Ihre Meinung, W\u00fcnsche, Kritik und Anregung mit.<\/p>\t\t\t\t\t\t\t\t<\/div>\n\t\t\t\t<\/div>\n\t\t\t\t\t<\/div>\n\t\t<\/div>\n\t\t\t\t\t<\/div>\n\t\t<\/section>\n\t\t\t\t<section class=\"elementor-section elementor-top-section elementor-element elementor-element-39de143 elementor-section-boxed elementor-section-height-default elementor-section-height-default\" data-id=\"39de143\" data-element_type=\"section\" data-e-type=\"section\">\n\t\t\t\t\t\t<div class=\"elementor-container elementor-column-gap-default\">\n\t\t\t\t\t<div class=\"elementor-column elementor-col-14 elementor-top-column elementor-element elementor-element-0298e93\" data-id=\"0298e93\" data-element_type=\"column\" data-e-type=\"column\">\n\t\t\t<div class=\"elementor-widget-wrap\">\n\t\t\t\t\t\t\t<\/div>\n\t\t<\/div>\n\t\t\t\t<div class=\"elementor-column elementor-col-14 elementor-top-column elementor-element elementor-element-eeff36a elementor-hidden-mobile\" data-id=\"eeff36a\" data-element_type=\"column\" data-e-type=\"column\">\n\t\t\t<div class=\"elementor-widget-wrap\">\n\t\t\t\t\t\t\t<\/div>\n\t\t<\/div>\n\t\t\t\t<div class=\"elementor-column elementor-col-14 elementor-top-column elementor-element elementor-element-3ab4953\" data-id=\"3ab4953\" data-element_type=\"column\" data-e-type=\"column\">\n\t\t\t<div class=\"elementor-widget-wrap\">\n\t\t\t\t\t\t\t<\/div>\n\t\t<\/div>\n\t\t\t\t<div class=\"elementor-column elementor-col-14 elementor-top-column elementor-element elementor-element-2ad2542\" data-id=\"2ad2542\" data-element_type=\"column\" data-e-type=\"column\">\n\t\t\t<div class=\"elementor-widget-wrap elementor-element-populated\">\n\t\t\t\t\t\t<div class=\"elementor-element elementor-element-5672c8a elementor-widget elementor-widget-image\" data-id=\"5672c8a\" data-element_type=\"widget\" data-e-type=\"widget\" data-widget_type=\"image.default\">\n\t\t\t\t<div class=\"elementor-widget-container\">\n\t\t\t\t\t\t\t\t\t\t\t\t\t\t\t\t<a href=\"https:\/\/goo.gl\/maps\/eHZRbjGg8JEZeY7p6\" target=\"_blank\">\n\t\t\t\t\t\t\t<img loading=\"lazy\" decoding=\"async\" width=\"250\" height=\"235\" src=\"https:\/\/ranch-kriens.ch\/wp-content\/uploads\/2022\/10\/google-maps.png\" class=\"attachment-large size-large wp-image-203\" alt=\"\" \/>\t\t\t\t\t\t\t\t<\/a>\n\t\t\t\t\t\t\t\t\t\t\t\t\t\t\t<\/div>\n\t\t\t\t<\/div>\n\t\t\t\t\t<\/div>\n\t\t<\/div>\n\t\t\t\t<div class=\"elementor-column elementor-col-14 elementor-top-column elementor-element elementor-element-d5deab1\" data-id=\"d5deab1\" data-element_type=\"column\" data-e-type=\"column\">\n\t\t\t<div class=\"elementor-widget-wrap\">\n\t\t\t\t\t\t\t<\/div>\n\t\t<\/div>\n\t\t\t\t<div class=\"elementor-column elementor-col-14 elementor-top-column elementor-element elementor-element-f0e61ea elementor-hidden-mobile\" data-id=\"f0e61ea\" data-element_type=\"column\" data-e-type=\"column\">\n\t\t\t<div class=\"elementor-widget-wrap\">\n\t\t\t\t\t\t\t<\/div>\n\t\t<\/div>\n\t\t\t\t<div class=\"elementor-column elementor-col-14 elementor-top-column elementor-element elementor-element-bca5521\" data-id=\"bca5521\" data-element_type=\"column\" data-e-type=\"column\">\n\t\t\t<div class=\"elementor-widget-wrap\">\n\t\t\t\t\t\t\t<\/div>\n\t\t<\/div>\n\t\t\t\t\t<\/div>\n\t\t<\/section>\n\t\t\t\t<\/div>\n\t\t","protected":false},"excerpt":{"rendered":"<p>.. um etwas grossartig zu machen, macht man es mit leidenschaft .. Wir freuen uns, Sie als Gast begr\u00fcssen zu d\u00fcrfen! Bar Restaurant RANCH Grabenhofstrasse 56010 Kriens041 340 32 32info@ranch-kriens.ch \u00d6ffnungszeiten: MO 7:00 &#8211; 22:00 DI\u00a0 7:00 &#8211; 23:00 MI DO FR 7:00 &#8211; 00:00 SA + SO geschlossen(ausser Events) Feiertage \u2013 \u00d6ffnungszeiten An folgenden [&hellip;]<\/p>\n","protected":false},"author":1,"featured_media":0,"parent":0,"menu_order":0,"comment_status":"closed","ping_status":"closed","template":"elementor_canvas","meta":{"footnotes":""},"class_list":["post-192","page","type-page","status-publish","hentry"],"_links":{"self":[{"href":"https:\/\/ranch-kriens.ch\/index.php?rest_route=\/wp\/v2\/pages\/192","targetHints":{"allow":["GET"]}}],"collection":[{"href":"https:\/\/ranch-kriens.ch\/index.php?rest_route=\/wp\/v2\/pages"}],"about":[{"href":"https:\/\/ranch-kriens.ch\/index.php?rest_route=\/wp\/v2\/types\/page"}],"author":[{"embeddable":true,"href":"https:\/\/ranch-kriens.ch\/index.php?rest_route=\/wp\/v2\/users\/1"}],"replies":[{"embeddable":true,"href":"https:\/\/ranch-kriens.ch\/index.php?rest_route=%2Fwp%2Fv2%2Fcomments&post=192"}],"version-history":[{"count":88,"href":"https:\/\/ranch-kriens.ch\/index.php?rest_route=\/wp\/v2\/pages\/192\/revisions"}],"predecessor-version":[{"id":2184,"href":"https:\/\/ranch-kriens.ch\/index.php?rest_route=\/wp\/v2\/pages\/192\/revisions\/2184"}],"wp:attachment":[{"href":"https:\/\/ranch-kriens.ch\/index.php?rest_route=%2Fwp%2Fv2%2Fmedia&parent=192"}],"curies":[{"name":"wp","href":"https:\/\/api.w.org\/{rel}","templated":true}]}}